{"id":23,"date":"2019-08-12T09:21:08","date_gmt":"2019-08-12T09:21:08","guid":{"rendered":"https:\/\/advent.escape-adventures.de\/?page_id=23"},"modified":"2019-08-13T10:56:04","modified_gmt":"2019-08-13T10:56:04","slug":"impressum","status":"publish","type":"page","link":"https:\/\/advent.escape-adventures.de\/eisruinen\/impressum\/","title":{"rendered":"Impressum"},"content":{"rendered":"<p>frechverlag GmbH<br \/>\nTurbinenstr. 7<br \/>\n70499 Stuttgart<br \/>\nTelefon: 0711\/83086-311<br \/>\nTelefax: 0711\/83086-86<\/p>\n<p>E-Mail: info@frechverlag.de<br \/>\nInternet: www.frechverlag.de<\/p>\n<p>Vertretungsberechtigte Gesch\u00e4ftsf\u00fchrer:<br \/>\nMichael Zirn<br \/>\nKurt Skupin<\/p>\n<p>Amtsgericht Stuttgart, HRB 6436<\/p>\n<p>Umsatzsteuer-Identifikationsnummer gem\u00e4\u00df \u00a7 27 a Umsatzsteuergesetz: DE 147509267<\/p>\n<p>Verantwortlich gem\u00e4\u00df \u00a7 55 RStV:<br \/>\nMichael Zirn<br \/>\nTurbinenstr. 7<br \/>\n70499 Stuttgart<\/p>\n<p>Ab dem 15. Februar 2016 stellt die EU-Kommission gem\u00e4\u00df Art. 14 Abs. 1 ODR-VO eine Plattform f\u00fcr au\u00dfergerichtliche Streitschlichtung bereit (sog. &#8222;OS-Plattform&#8220;). Verbrauchern gibt dies die M\u00f6glichkeit, Streitigkeiten im Zusammenhang mit Ihrer Online-Bestellung zun\u00e4chst ohne die Einschaltung eines Gerichts zu kl\u00e4ren. Die Streitbeilegungs-Plattform ist unter dem externen Link http:\/\/ec.europa.eu\/consumers\/odr\/ erreichbar. Zur Teilnahme an einem Streitbeilegungsverfahren vor einer Verbraucherschlichtungsstelle sind wir nicht verpflichtet und nicht bereit.<br \/>\n#FRECHVERLAG #TOPP #KREATIV Der Frechverlag und TOPP-KREATIV auf Instagram. Folgen Sie unserem Team!<\/p>\n","protected":false},"excerpt":{"rendered":"<p>frechverlag GmbH Turbinenstr. 7 70499 Stuttgart Telefon: 0711\/83086-311 Telefax: 0711\/83086-86 E-Mail: info@frechverlag.de Internet: www.frechverlag.de Vertretungsberechtigte Gesch\u00e4ftsf\u00fchrer: Michael Zirn Kurt Skupin Amtsgericht Stuttgart, HRB 6436 Umsatzsteuer-Identifikationsnummer gem\u00e4\u00df \u00a7 27 a Umsatzsteuergesetz: DE 147509267 Verantwortlich gem\u00e4\u00df \u00a7 55 RStV: Michael Zirn Turbinenstr. 7 70499 Stuttgart Ab dem 15. Februar 2016 stellt die EU-Kommission gem\u00e4\u00df Art. 14 Abs. &hellip; <\/p>\n<p class=\"link-more\"><a href=\"https:\/\/advent.escape-adventures.de\/eisruinen\/impressum\/\" class=\"more-link\"><span class=\"screen-reader-text\">\u201eImpressum\u201c<\/span> weiterlesen<\/a><\/p>\n","protected":false},"author":1,"featured_media":0,"parent":0,"menu_order":0,"comment_status":"closed","ping_status":"closed","template":"","meta":[],"_links":{"self":[{"href":"https:\/\/advent.escape-adventures.de\/eisruinen\/wp-json\/wp\/v2\/pages\/23"}],"collection":[{"href":"https:\/\/advent.escape-adventures.de\/eisruinen\/wp-json\/wp\/v2\/pages"}],"about":[{"href":"https:\/\/advent.escape-adventures.de\/eisruinen\/wp-json\/wp\/v2\/types\/page"}],"author":[{"embeddable":true,"href":"https:\/\/advent.escape-adventures.de\/eisruinen\/wp-json\/wp\/v2\/users\/1"}],"replies":[{"embeddable":true,"href":"https:\/\/advent.escape-adventures.de\/eisruinen\/wp-json\/wp\/v2\/comments?post=23"}],"version-history":[{"count":3,"href":"https:\/\/advent.escape-adventures.de\/eisruinen\/wp-json\/wp\/v2\/pages\/23\/revisions"}],"predecessor-version":[{"id":60,"href":"https:\/\/advent.escape-adventures.de\/eisruinen\/wp-json\/wp\/v2\/pages\/23\/revisions\/60"}],"wp:attachment":[{"href":"https:\/\/advent.escape-adventures.de\/eisruinen\/wp-json\/wp\/v2\/media?parent=23"}],"curies":[{"name":"wp","href":"https:\/\/api.w.org\/{rel}","templated":true}]}}