{"id":46,"date":"2019-08-13T06:15:07","date_gmt":"2019-08-13T06:15:07","guid":{"rendered":"https:\/\/advent.escape-adventures.de\/?page_id=46"},"modified":"2021-12-01T12:50:46","modified_gmt":"2021-12-01T12:50:46","slug":"wegweiser-codematrix","status":"publish","type":"page","link":"https:\/\/advent.escape-adventures.de\/eisruinen\/wegweiser-codematrix\/","title":{"rendered":"Wegweiser &#038; Codematrix"},"content":{"rendered":"<p>Sind bei deinem Escape Adventskalender die Inhalte von einzelnen T\u00fcrchen leicht durcheinander gekommen? Obwohl alle R\u00e4tsel und Hinweise von uns sorgf\u00e4ltig gepr\u00fcft wurden, k\u00f6nnten in vereinzelten Ausnahmef\u00e4llen Unstimmigkeiten auftreten. Aber keine Panik, wir helfen gerne weiter! Die Inhalte, wie Codematrix auf der Startseite, alle R\u00e4tselgrafiken, R\u00e4tseltexte bei Hinweisen sowie L\u00f6sungen, sind zus\u00e4tzlich online abgebildet, um sofort auf den richtigen Inhalt zu verweisen.<\/p>\r\n<p><strong>Hier findest du den Wegweiser mit der Codematrix:<\/strong><\/p>\r\n\r\n<p><a href=\"https:\/\/advent.escape-adventures.de\/eisruinen\/wp-content\/uploads\/2021\/12\/18186_Code_Matrix_1.pdf\">Wegweiser &amp; Codematrix PDF<\/a><\/p>\r\n\r\n\r\n\r\n<p>Sind die R\u00e4tseln zu hartn\u00e4ckig und die L\u00f6sung will nicht gefunden werden? Der Support steht Ihnen f\u00fcr Fragen jeder Zeit zur Verf\u00fcgung: <a href=\"mailto:produktmanagement@frechverlag.de\">produktmanagement@frechverlag.de<\/a><\/p>\r\n","protected":false},"excerpt":{"rendered":"<p>Sind bei deinem Escape Adventskalender die Inhalte von einzelnen T\u00fcrchen leicht durcheinander gekommen? Obwohl alle R\u00e4tsel und Hinweise von uns sorgf\u00e4ltig gepr\u00fcft wurden, k\u00f6nnten in vereinzelten Ausnahmef\u00e4llen Unstimmigkeiten auftreten. Aber keine Panik, wir helfen gerne weiter! Die Inhalte, wie Codematrix auf der Startseite, alle R\u00e4tselgrafiken, R\u00e4tseltexte bei Hinweisen sowie L\u00f6sungen, sind zus\u00e4tzlich online abgebildet, um &hellip; <\/p>\n<p class=\"link-more\"><a href=\"https:\/\/advent.escape-adventures.de\/eisruinen\/wegweiser-codematrix\/\" class=\"more-link\"><span class=\"screen-reader-text\">\u201eWegweiser &#038; Codematrix\u201c<\/span> weiterlesen<\/a><\/p>\n","protected":false},"author":1,"featured_media":0,"parent":0,"menu_order":0,"comment_status":"closed","ping_status":"closed","template":"","meta":[],"_links":{"self":[{"href":"https:\/\/advent.escape-adventures.de\/eisruinen\/wp-json\/wp\/v2\/pages\/46"}],"collection":[{"href":"https:\/\/advent.escape-adventures.de\/eisruinen\/wp-json\/wp\/v2\/pages"}],"about":[{"href":"https:\/\/advent.escape-adventures.de\/eisruinen\/wp-json\/wp\/v2\/types\/page"}],"author":[{"embeddable":true,"href":"https:\/\/advent.escape-adventures.de\/eisruinen\/wp-json\/wp\/v2\/users\/1"}],"replies":[{"embeddable":true,"href":"https:\/\/advent.escape-adventures.de\/eisruinen\/wp-json\/wp\/v2\/comments?post=46"}],"version-history":[{"count":11,"href":"https:\/\/advent.escape-adventures.de\/eisruinen\/wp-json\/wp\/v2\/pages\/46\/revisions"}],"predecessor-version":[{"id":562,"href":"https:\/\/advent.escape-adventures.de\/eisruinen\/wp-json\/wp\/v2\/pages\/46\/revisions\/562"}],"wp:attachment":[{"href":"https:\/\/advent.escape-adventures.de\/eisruinen\/wp-json\/wp\/v2\/media?parent=46"}],"curies":[{"name":"wp","href":"https:\/\/api.w.org\/{rel}","templated":true}]}}